{"id":26,"date":"2015-03-24T19:41:08","date_gmt":"2015-03-24T19:41:08","guid":{"rendered":"http:\/\/www.planetapiticilor.ro\/?page_id=26"},"modified":"2015-03-26T09:46:48","modified_gmt":"2015-03-26T09:46:48","slug":"oferta-noastra","status":"publish","type":"page","link":"https:\/\/www.planetapiticilor.ro\/?page_id=26","title":{"rendered":"Oferta noastra"},"content":{"rendered":"<p>Curriculum aplicat \u00een gr\u0103dini\u0163\u0103 folose\u015fte planurile de \u00eenv\u0103\u0163\u0103m\u00e2nt \u0219i programele pre\u0219colare aprobate prin ordine ale Ministrului Educa\u0163iei, Cercet\u0103rii, Tineretului \u0219i Sportului, Curriculum na\u0163ional pentru \u00eenv\u0103\u0163\u0103m\u00e2ntul pre\u015fcolar, av\u00e2nd ca \u015fi cadru legal Legea \u00cenv\u0103\u0163\u0103m\u00e2ntului \u015fi Legea Educa\u0163iei Na\u0163ionale:<\/p>\n<ul>\n<li>Legea Educa\u0163iei Na\u0163ionale 1\/2011<\/li>\n<li>OMECT 5233\/01.09.2008 Curriculum pentru \u00eenv\u0103\u0163\u0103m\u00e2ntul pre\u015fcolar (3 \u2013 6\/7 ani) aprobat de Ministrului Educa\u0163iei, Cercet\u0103rii, Tineretului \u0219i Sportului din 01.09.2008;<\/li>\n<li>OMECT 5233\/01.09.2008 Curriculum pentru educa\u0163ia timpurie a copiilor cu v\u00e2rsta cuprins\u0103 \u00eentre na\u015ftere \u015fi 6\/7 ani aprobat de Ministrului Educa\u0163iei, Cercet\u0103rii \u015fi Tineretului din 2008;<\/li>\n<li>Strategia pentru educa\u0163ie timpurie (parte a Strategiei convergente privind dezvoltarea timpurie a copilului, elaborat\u0103 de MECT cu sprijinul Reprezentan\u0163ei UNICEF din Rom\u00e2nia -2005);<\/li>\n<li>OM 3851\/17.05.2010 \u2013 standarde privind materialele de predare \u015fi \u00eenva\u0163are \u00een educa\u0163ia timpurie \u015fi a normativului de dotare minim pentru serviciile de educa\u0163ie timpurie de la 3-6\/7 ani;<\/li>\n<li>Legea \u00cenv\u0103\u0163\u0103m\u00e2ntului 85\/1994, cu modific\u0103rile \u015fi complet\u0103rile ulterioare, care vizeaz\u0103 serviciile publice de educa\u0163ie destinate copiilor cu v\u00e2rste \u00eentre 3 \u015fi 6\/7 ani.<\/li>\n<\/ul>\n<h4>ACTIVITATI INSTRUCTIV-EDUCATIVE<\/h4>\n<p>1. Activitati pe domenii experientiale<br \/>\nDomeniul estetic si creative \u2013 Activitati muzicale, Activitati artistico- plastice(desen , pictura, modelaj)<br \/>\nDomeniul om si societate \u2013 Activitati de educatie morala, Activitati practice<br \/>\nDomeniul limba si comunicare<br \/>\nDomeniul stiinta \u2013 Cunoasterea mediului , Activitati matematice<br \/>\nDomeniul psiho-motric \u2013 Educatie fizica<\/p>\n<p>2. Jocuri si activitati alese<\/p>\n<p>3. Activitati de dezvoltare personala<\/p>\n<h4>ACTIVITATI OPTIONALE<\/h4>\n<p>In cadrul Curriculumul la decizia gr\u0103dini\u0163ei, pe parcursul anilor \u015fcolari anteriori am desfasurat urm\u0103toarele activit\u0103\u0163i op\u0163ionale, \u00een func\u0163ie de necesit\u0103\u0163ile copiilor \u015fi dorin\u0163ele p\u0103rin\u0163ilor:<\/p>\n<ul>\n<li>In lumea povestilor<\/li>\n<li>Ne jucam, ne distram, invatam sa circulam!<\/li>\n<li>Natura, prietena mea<\/li>\n<\/ul>\n<h4>ACTIVITATI EXTRACURRICULARE<\/h4>\n<ul>\n<li>Excursii<\/li>\n<li>Tabere (pe perioada verii)<\/li>\n<li>Vizite (raportate la proiectele tematice)<\/li>\n<li>Teatru de papusi<\/li>\n<\/ul>\n<h4>CLUBURI<\/h4>\n<ul>\n<li>Engleza intensiv<\/li>\n<li>Germana intensiv<\/li>\n<li>Gimnastica<\/li>\n<li>Dans<\/li>\n<li>Inot<\/li>\n<li>Clubul de povesti (imbunatatirea comunicarii, relationarii si a creativitatii cu ajutorul povestilor, imbunatatirea imaginii de sine)\u00a0\u2013 adresat copiilor de peste 3 ani si realizat in colaborare cu\u00a0D-na psiholog Laura Berghea Caia<\/li>\n<li>Clubul de dezvoltare senzoriala<\/li>\n<\/ul>\n<p style=\"padding-left: 30px;\"><strong>Servicii oferite in colaborare cu Cabinet Individual de Psihologie Berghea Laura Caia:<\/strong><br \/>\nLogopedie (nivelul de dezvoltare al limbajului; stimularea comunicarii si corectarea tulburarilor de limbaj)<br \/>\nEvaluare subiectiv-emotionala<br \/>\nEvaluare cognitiva<br \/>\nEvaluare comportamentala<br \/>\nEvaluarea dezvoltarii psihologice<\/p>\n","protected":false},"excerpt":{"rendered":"<p>Curriculum aplicat \u00een gr\u0103dini\u0163\u0103 folose\u015fte planurile de \u00eenv\u0103\u0163\u0103m\u00e2nt \u0219i programele pre\u0219colare aprobate prin ordine ale Ministrului Educa\u0163iei, Cercet\u0103rii, Tineretului \u0219i Sportului, Curriculum na\u0163ional pentru \u00eenv\u0103\u0163\u0103m\u00e2ntul pre\u015fcolar, av\u00e2nd ca \u015fi cadru legal Legea \u00cenv\u0103\u0163\u0103m\u00e2ntului \u015fi Legea Educa\u0163iei Na\u0163ionale: Legea Educa\u0163iei Na\u0163ionale&hellip; <\/p>\n","protected":false},"author":1,"featured_media":0,"parent":0,"menu_order":0,"comment_status":"closed","ping_status":"closed","template":"","meta":[],"_links":{"self":[{"href":"https:\/\/www.planetapiticilor.ro\/index.php?rest_route=\/wp\/v2\/pages\/26"}],"collection":[{"href":"https:\/\/www.planetapiticilor.ro\/index.php?rest_route=\/wp\/v2\/pages"}],"about":[{"href":"https:\/\/www.planetapiticilor.ro\/index.php?rest_route=\/wp\/v2\/types\/page"}],"author":[{"embeddable":true,"href":"https:\/\/www.planetapiticilor.ro\/index.php?rest_route=\/wp\/v2\/users\/1"}],"replies":[{"embeddable":true,"href":"https:\/\/www.planetapiticilor.ro\/index.php?rest_route=%2Fwp%2Fv2%2Fcomments&post=26"}],"version-history":[{"count":8,"href":"https:\/\/www.planetapiticilor.ro\/index.php?rest_route=\/wp\/v2\/pages\/26\/revisions"}],"predecessor-version":[{"id":75,"href":"https:\/\/www.planetapiticilor.ro\/index.php?rest_route=\/wp\/v2\/pages\/26\/revisions\/75"}],"wp:attachment":[{"href":"https:\/\/www.planetapiticilor.ro\/index.php?rest_route=%2Fwp%2Fv2%2Fmedia&parent=26"}],"curies":[{"name":"wp","href":"https:\/\/api.w.org\/{rel}","templated":true}]}}