{"id":22,"date":"2015-03-24T19:36:27","date_gmt":"2015-03-24T19:36:27","guid":{"rendered":"http:\/\/www.planetapiticilor.ro\/?page_id=22"},"modified":"2015-03-25T11:20:25","modified_gmt":"2015-03-25T11:20:25","slug":"inscrieri","status":"publish","type":"page","link":"https:\/\/www.planetapiticilor.ro\/?page_id=22","title":{"rendered":"Inscrieri"},"content":{"rendered":"<p>Gradinita functioneaza pe tot parcursul anului, inclusiv in vacante.Singura perioada in care gradinita este inchisa este perioada sarbatorilor de iarna.<\/p>\n<p>Inscrierile se fac pe toata perioada anului in functie de locurile disponibile<\/p>\n<p>Vizitarea gr\u0103dini\u0163ei se va realiza de c\u0103tre p\u0103rin\u0163i \u00een urma unei program\u0103ri prealabile.<\/p>\n<p>Actele necesare la inscriere sunt urmatoarele:<\/p>\n<ul>\n<li>copie certificat nastere copil<\/li>\n<li>copii CI parinti, pe care se vor scrie nr. de telefon mobil<\/li>\n<li>adeverinta de la medicul de familie al copilului care sa specifice faptul ca acesta este \u201capt pentru admiterea in colectivitate\u201diar pe verso sa existe lista cu vaccinurile facute pana in momentul inscrierii<\/li>\n<li>exudat faringian , exudat nazal si examen coproparazitologic cu raspuns negativ.<\/li>\n<li>numai daca este cazul, parintele va face o lista cu alimentele si medicamentele la care copilul este alergic.<\/li>\n<\/ul>\n","protected":false},"excerpt":{"rendered":"<p>Gradinita functioneaza pe tot parcursul anului, inclusiv in vacante.Singura perioada in care gradinita este inchisa este perioada sarbatorilor de iarna. Inscrierile se fac pe toata perioada anului in functie de locurile disponibile Vizitarea gr\u0103dini\u0163ei se va realiza de c\u0103tre p\u0103rin\u0163i&hellip; <\/p>\n","protected":false},"author":1,"featured_media":0,"parent":0,"menu_order":0,"comment_status":"closed","ping_status":"closed","template":"","meta":[],"_links":{"self":[{"href":"https:\/\/www.planetapiticilor.ro\/index.php?rest_route=\/wp\/v2\/pages\/22"}],"collection":[{"href":"https:\/\/www.planetapiticilor.ro\/index.php?rest_route=\/wp\/v2\/pages"}],"about":[{"href":"https:\/\/www.planetapiticilor.ro\/index.php?rest_route=\/wp\/v2\/types\/page"}],"author":[{"embeddable":true,"href":"https:\/\/www.planetapiticilor.ro\/index.php?rest_route=\/wp\/v2\/users\/1"}],"replies":[{"embeddable":true,"href":"https:\/\/www.planetapiticilor.ro\/index.php?rest_route=%2Fwp%2Fv2%2Fcomments&post=22"}],"version-history":[{"count":3,"href":"https:\/\/www.planetapiticilor.ro\/index.php?rest_route=\/wp\/v2\/pages\/22\/revisions"}],"predecessor-version":[{"id":65,"href":"https:\/\/www.planetapiticilor.ro\/index.php?rest_route=\/wp\/v2\/pages\/22\/revisions\/65"}],"wp:attachment":[{"href":"https:\/\/www.planetapiticilor.ro\/index.php?rest_route=%2Fwp%2Fv2%2Fmedia&parent=22"}],"curies":[{"name":"wp","href":"https:\/\/api.w.org\/{rel}","templated":true}]}}