{"id":15,"date":"2015-03-24T19:31:47","date_gmt":"2015-03-24T19:31:47","guid":{"rendered":"http:\/\/www.planetapiticilor.ro\/?page_id=15"},"modified":"2015-03-26T09:43:46","modified_gmt":"2015-03-26T09:43:46","slug":"cresa","status":"publish","type":"page","link":"https:\/\/www.planetapiticilor.ro\/?page_id=15","title":{"rendered":"Cresa"},"content":{"rendered":"<p>Sediul de pe strada Balta Verde Nr.3 este destinat activit\u0103\u0163ilor educa\u0163ionale antepre\u015fcolare (cres\u0103).<\/p>\n<p>Copiii sunt imp\u0103r\u0163i\u0163i pe grupe de v\u00e2rst\u0103 \u00eencep\u00e2nd de la 9 luni.<br \/>\nAici activitatea educa\u0163ional\u0103 este coordonat\u0103 de <strong>d-na Rodica \u015eeitan\u2013Andrei, specializat\u0103 \u00een educa\u0163ia timpurie<\/strong>. Ea este ajutat\u0103 \u00een desf\u0103\u015furarea activit\u0103\u0163ilor de <strong>3 educatori puericultori, o asistent\u0103 medical\u0103 \u015fi trei ingrijitoare<\/strong>.<\/p>\n<p>Sediul cre\u015fei este amenajat \u00eentr-o vil\u0103 P+1 construit\u0103 \u00een anul 2000, cu o suprafa\u021b\u0103 util\u0103 de 350 mp. Curtea are o suprafa\u021b\u0103 de 200 mp \u0219i este special amenajat\u0103 ca spa\u021biu de joac\u0103 pentru cei mici. Loca\u0163ia dispune de s\u0103li de clas\u0103 pentru fiecare grup\u0103 \u00een parte (cu suprafe\u0163e cuprinse \u00eentre 25 \u015fi 35 mp), amenajate \u015fi dotate la un \u00eenalt standard de calitate, \u00een conformitate cu normele impuse de autorit\u0103\u0163ile desemnate de stat pentru autorizarea \u015fi avizarea institu\u0163iei de inv\u0103\u0163\u0103m\u00e2nt pre\u015fcolar: dormitor separat, cabinet medical, un grup sanitar pentru adul\u0163i, trei grupuri sanitare pentru copii, buc\u0103t\u0103rie proprie, vestiar, sal\u0103 de mese \u015fi o sal\u0103 de joac\u0103 cu o suprafa\u0163\u0103 de 80 mp .<\/p>\n<p>Cre\u015fa dispune de buc\u0103t\u0103rie proprie, m\u00e2ncarea fiind preg\u0103tit\u0103 \u015fi servit\u0103 \u00een conformitate cu normele de igien\u0103 \u015fi siguran\u0163\u0103 a alimentelor. Meniurile sunt atent \u00eentocmite respect\u00e2nd particularit\u0103\u0163ile de v\u00e2rst\u0103 ale copiilor \u015fi principiile unei alimenta\u0163ii bogate, s\u0103n\u0103toase \u015fi diversificate.<\/p>\n<p>G\u0103tim separat meniu pentru copiii alergici la gluten sau la lactoza!<\/p>\n<h3>Servicii medicale<\/h3>\n<p>Asistenta medical\u0103 face zilnic evaluarea st\u0103rii de s\u0103n\u0103tate a copiilor \u0219i asigur\u0103 respectarea regulilor de igien\u0103 \u0219i s\u0103n\u0103tate \u00een gr\u0103dini\u021b\u0103.<br \/>\nDe asemenea gr\u0103dini\u021ba are contract cu medic pediatru, care consult\u0103 copiii periodic.<\/p>\n","protected":false},"excerpt":{"rendered":"<p>Sediul de pe strada Balta Verde Nr.3 este destinat activit\u0103\u0163ilor educa\u0163ionale antepre\u015fcolare (cres\u0103). Copiii sunt imp\u0103r\u0163i\u0163i pe grupe de v\u00e2rst\u0103 \u00eencep\u00e2nd de la 9 luni. Aici activitatea educa\u0163ional\u0103 este coordonat\u0103 de d-na Rodica \u015eeitan\u2013Andrei, specializat\u0103 \u00een educa\u0163ia timpurie. Ea este&hellip; <\/p>\n","protected":false},"author":1,"featured_media":0,"parent":0,"menu_order":0,"comment_status":"closed","ping_status":"closed","template":"","meta":[],"_links":{"self":[{"href":"https:\/\/www.planetapiticilor.ro\/index.php?rest_route=\/wp\/v2\/pages\/15"}],"collection":[{"href":"https:\/\/www.planetapiticilor.ro\/index.php?rest_route=\/wp\/v2\/pages"}],"about":[{"href":"https:\/\/www.planetapiticilor.ro\/index.php?rest_route=\/wp\/v2\/types\/page"}],"author":[{"embeddable":true,"href":"https:\/\/www.planetapiticilor.ro\/index.php?rest_route=\/wp\/v2\/users\/1"}],"replies":[{"embeddable":true,"href":"https:\/\/www.planetapiticilor.ro\/index.php?rest_route=%2Fwp%2Fv2%2Fcomments&post=15"}],"version-history":[{"count":9,"href":"https:\/\/www.planetapiticilor.ro\/index.php?rest_route=\/wp\/v2\/pages\/15\/revisions"}],"predecessor-version":[{"id":70,"href":"https:\/\/www.planetapiticilor.ro\/index.php?rest_route=\/wp\/v2\/pages\/15\/revisions\/70"}],"wp:attachment":[{"href":"https:\/\/www.planetapiticilor.ro\/index.php?rest_route=%2Fwp%2Fv2%2Fmedia&parent=15"}],"curies":[{"name":"wp","href":"https:\/\/api.w.org\/{rel}","templated":true}]}}