{"id":17,"date":"2015-03-24T19:32:56","date_gmt":"2015-03-24T19:32:56","guid":{"rendered":"http:\/\/www.planetapiticilor.ro\/?page_id=17"},"modified":"2015-03-25T11:20:22","modified_gmt":"2015-03-25T11:20:22","slug":"gradinita","status":"publish","type":"page","link":"http:\/\/www.planetapiticilor.ro\/?page_id=17","title":{"rendered":"Gradinita"},"content":{"rendered":"<p>Sediul de pe strada \u0162ebea Nr.29 este destinat activit\u0103\u0163ilor educa\u0163ionale pre\u015fcolare (gr\u0103dini\u0163a).<\/p>\n<p>Cu o suprafa\u0163\u0103 util\u0103 de 298 mp, gr\u0103dini\u0163a dispune de:<\/p>\n<ul>\n<li>3 s\u0103li de grup\u0103 dotate cu mobilier adaptat v\u00e2rstei copiilor care \u00ee\u015fi desf\u0103\u015foar\u0103 activit\u0103\u0163ile \u00een respectivele loca\u0163ii. De asemenea, grupele sunt organizate pe zone\/centre\/arii de interes conform curriculumului pre\u015fcolar.<\/li>\n<li>Grupuri sanitare proprii fiec\u0103rei s\u0103li de grup\u0103<\/li>\n<li>Grup sanitar personal<\/li>\n<li>Vestiar<\/li>\n<li>Sala de mese<\/li>\n<li>Cabinet medical<\/li>\n<li>Cabinet metodic<\/li>\n<li>Dormitor<\/li>\n<li>Teras\u0103 acoperit\u0103<\/li>\n<li>Curte interioar\u0103 cu o suprafat\u0103 de 450 mp amenajat\u0103 cu tobogane, balansoare, etc.<\/li>\n<\/ul>\n","protected":false},"excerpt":{"rendered":"<p>Sediul de pe strada \u0162ebea Nr.29 este destinat activit\u0103\u0163ilor educa\u0163ionale pre\u015fcolare (gr\u0103dini\u0163a). Cu o suprafa\u0163\u0103 util\u0103 de 298 mp, gr\u0103dini\u0163a dispune de: 3 s\u0103li de grup\u0103 dotate cu mobilier adaptat v\u00e2rstei copiilor care \u00ee\u015fi desf\u0103\u015foar\u0103 activit\u0103\u0163ile \u00een respectivele loca\u0163ii. De&hellip; <\/p>\n","protected":false},"author":1,"featured_media":0,"parent":0,"menu_order":0,"comment_status":"closed","ping_status":"closed","template":"","meta":[],"_links":{"self":[{"href":"http:\/\/www.planetapiticilor.ro\/index.php?rest_route=\/wp\/v2\/pages\/17"}],"collection":[{"href":"http:\/\/www.planetapiticilor.ro\/index.php?rest_route=\/wp\/v2\/pages"}],"about":[{"href":"http:\/\/www.planetapiticilor.ro\/index.php?rest_route=\/wp\/v2\/types\/page"}],"author":[{"embeddable":true,"href":"http:\/\/www.planetapiticilor.ro\/index.php?rest_route=\/wp\/v2\/users\/1"}],"replies":[{"embeddable":true,"href":"http:\/\/www.planetapiticilor.ro\/index.php?rest_route=%2Fwp%2Fv2%2Fcomments&post=17"}],"version-history":[{"count":6,"href":"http:\/\/www.planetapiticilor.ro\/index.php?rest_route=\/wp\/v2\/pages\/17\/revisions"}],"predecessor-version":[{"id":64,"href":"http:\/\/www.planetapiticilor.ro\/index.php?rest_route=\/wp\/v2\/pages\/17\/revisions\/64"}],"wp:attachment":[{"href":"http:\/\/www.planetapiticilor.ro\/index.php?rest_route=%2Fwp%2Fv2%2Fmedia&parent=17"}],"curies":[{"name":"wp","href":"https:\/\/api.w.org\/{rel}","templated":true}]}}